{"id":2282,"date":"2018-05-23T08:02:43","date_gmt":"2018-05-23T08:02:43","guid":{"rendered":"http:\/\/dessau.select-themes.com\/?page_id=2282"},"modified":"2018-05-23T08:02:43","modified_gmt":"2018-05-23T08:02:43","slug":"testimonials","status":"publish","type":"page","link":"https:\/\/h-ev.net\/index.php\/elements\/testimonials\/","title":{"rendered":"Testimonials"},"content":{"rendered":"<div class=\"wpb-content-wrapper\"><p>[vc_row content_placement=&#8221;middle&#8221; content_text_aligment=&#8221;center&#8221; css=&#8221;.vc_custom_1527586378002{border-bottom-width: 1px !important;padding-top: 45px !important;padding-bottom: 127px !important;border-bottom-color: #e5e5e5 !important;border-bottom-style: solid !important;}&#8221;][vc_column][vc_row_inner content_placement=&#8221;middle&#8221; row_content_width=&#8221;grid&#8221; content_text_aligment=&#8221;center&#8221;][vc_column_inner]<div class=\"qodef-testimonials-holder clearfix qodef-testimonials-standard \">\n    <div class=\"qodef-testimonials qodef-owl-slider\" data-number-of-items=\"1\" data-enable-loop=\"yes\" data-enable-autoplay=\"yes\" data-slider-speed=\"5000\" data-slider-speed-animation=\"600\" data-enable-navigation=\"no\" data-enable-pagination=\"yes\" >\n\n    \n            <div class=\"qodef-testimonial-content\" id=\"qodef-testimonials-624\">\n                <div class=\"qodef-testimonial-text-holder\">\n                                                                <div class=\"qodef-testimonial-quote\">\n                            <span>\u201c<\/span>\n                        <\/div>\n                                                                <p class=\"qodef-testimonial-text\">Die explizite Aufgabe des CGI-Artists ist es, eine Geschichte  zu interpretieren und in Form einer professionellen Bilder- prespektive zu pr\u00e4sentieren. Die Umsetzung dieser Idee in  ein fertiges 3D-Modell ist ein detaillierter Prozess, der bei  uns mit gr\u00f6\u00dfter Hingabe durchgef\u00fchrt wird. Unsere Leiden- schaft f\u00fcr Architektur und f\u00fcr die Baubranche in Kombina- tion mit unseren Fachkenntnissen in der modernsten 3D- Software und unserer kompetenten Arbeitsweise machen  auf dem Markt den entscheidenden Unterschied.<\/p>\n                                                                <span class=\"qodef-testimonial-author\">\n                            <span class=\"qodef-testimonials-author-name\">DI Mark Ekladious<\/span>\n                                                            <span class=\"qodef-testimonials-author-job\">CEO<\/span>\n                                                    <\/span>\n                                    <\/div>\n                                    <div class=\"qodef-testimonial-image\">\n                        <img loading=\"lazy\" decoding=\"async\" width=\"66\" height=\"66\" src=\"https:\/\/h-ev.net\/wp-content\/uploads\/2024\/01\/4-100x100.jpg\" class=\"attachment-66x66 size-66x66 wp-post-image\" alt=\"\" srcset=\"https:\/\/h-ev.net\/wp-content\/uploads\/2024\/01\/4-100x100.jpg 100w, https:\/\/h-ev.net\/wp-content\/uploads\/2024\/01\/4-150x150.jpg 150w, https:\/\/h-ev.net\/wp-content\/uploads\/2024\/01\/4-550x550.jpg 550w, https:\/\/h-ev.net\/wp-content\/uploads\/2024\/01\/4-300x300.jpg 300w\" sizes=\"(max-width: 66px) 100vw, 66px\" \/>                    <\/div>\n                            <\/div>\n\n    \n            <div class=\"qodef-testimonial-content\" id=\"qodef-testimonials-621\">\n                <div class=\"qodef-testimonial-text-holder\">\n                                                                <div class=\"qodef-testimonial-quote\">\n                            <span>\u201c<\/span>\n                        <\/div>\n                                                                <p class=\"qodef-testimonial-text\">Wir erwecken Ideen zum Leben! Wir setzen filmische Animationen wie ein professioneller  Fotograf um. Wir schaffen einzigartige Konzepte und bieten  die wertvollste Dienstleistung an. Das ist die effektivste bzw.  emotionalste Art, eine Immobilie zu brandmarken. Wir er- zeugen animiertes Feuer f\u00fcr Kamine, wehende Vorh\u00e4nge,  animiertes Wasser, animierte Lichter, Schatten uvm. Schlie\u00df- lich f\u00fcgen wir eine sorgf\u00e4ltig ausgew\u00e4hlte Musik hinzu. Somit  besitzt es die au\u00dfergew\u00f6hnlichste Ausdruckskraft.<\/p>\n                                                                <span class=\"qodef-testimonial-author\">\n                            <span class=\"qodef-testimonials-author-name\">DI Mark Ekladious<\/span>\n                                                            <span class=\"qodef-testimonials-author-job\">CEO<\/span>\n                                                    <\/span>\n                                    <\/div>\n                            <\/div>\n\n    \n            <div class=\"qodef-testimonial-content\" id=\"qodef-testimonials-619\">\n                <div class=\"qodef-testimonial-text-holder\">\n                                                                <div class=\"qodef-testimonial-quote\">\n                            <span>\u201c<\/span>\n                        <\/div>\n                                                                <p class=\"qodef-testimonial-text\">Passende Visualisierungen werden von verschie- densten Studios produziert. Aber nur wenige schaf- fen es, Auffallendes und Au\u00dfergew\u00f6hnliches f\u00fcr eine  wertvolle Vermarktung zu kreieren. Mit passenden  Bildern erreicht man in vielen F\u00e4llen nur wenig -  daher ist das Au\u00dfergew\u00f6hnliche unser Ziel.<\/p>\n                                                                <span class=\"qodef-testimonial-author\">\n                            <span class=\"qodef-testimonials-author-name\">Madona Ekladious<\/span>\n                                                            <span class=\"qodef-testimonials-author-job\">Marketing<\/span>\n                                                    <\/span>\n                                    <\/div>\n                            <\/div>\n\n    \n    <\/div>\n<\/div>[\/vc_column_inner][\/vc_row_inner][\/vc_column][\/vc_row][vc_row content_placement=&#8221;middle&#8221; content_text_aligment=&#8221;center&#8221; css=&#8221;.vc_custom_1527580929664{padding-top: 93px !important;padding-bottom: 91px !important;}&#8221;][vc_column][vc_row_inner content_placement=&#8221;middle&#8221; row_content_width=&#8221;grid&#8221; content_text_aligment=&#8221;center&#8221;][vc_column_inner]<div class=\"qodef-testimonials-holder clearfix qodef-testimonials-standard \">\n    <div class=\"qodef-testimonials qodef-owl-slider\" data-number-of-items=\"1\" data-enable-loop=\"yes\" data-enable-autoplay=\"yes\" data-slider-speed=\"5000\" data-slider-speed-animation=\"600\" data-enable-navigation=\"yes\" data-enable-pagination=\"no\" >\n\n    \n            <div class=\"qodef-testimonial-content\" id=\"qodef-testimonials-1311\">\n                <div class=\"qodef-testimonial-text-holder\">\n                                            <h2 itemprop=\"name\" class=\"qodef-testimonial-title entry-title\">About Design Studio<\/h2>\n                                                                                    <p class=\"qodef-testimonial-text\">Uliquam lurem ente, padi pas, vivepra puis, fuagiat a, tellus. Thasellus viverra nulla ut metus varius laoreet. Aenean imperdiet. Etiam ultricies nisi. Aenean commodo ligula eget dolor. Curabitur ullam corper.<\/p>\n                                                                <span class=\"qodef-testimonial-author\">\n                            <span class=\"qodef-testimonials-author-name\">Bailey Hunt<\/span>\n                                                            <span class=\"qodef-testimonials-author-job\">Architect<\/span>\n                                                    <\/span>\n                                    <\/div>\n                            <\/div>\n\n    \n            <div class=\"qodef-testimonial-content\" id=\"qodef-testimonials-1310\">\n                <div class=\"qodef-testimonial-text-holder\">\n                                            <h2 itemprop=\"name\" class=\"qodef-testimonial-title entry-title\">About Design Studio<\/h2>\n                                                                                    <p class=\"qodef-testimonial-text\">Aliquam lorem ante, dapi bus, viverra quis, feugiat a, tellus. Phasellus viverra nulla ut metus varius laoreet. Oenean imperdiet. Etiam ultricies nisi. Eanean conimodo ligula eget dolor. Sorabitur ullam corper.<\/p>\n                                                                <span class=\"qodef-testimonial-author\">\n                            <span class=\"qodef-testimonials-author-name\">Jean Hart<\/span>\n                                                            <span class=\"qodef-testimonials-author-job\">Architect<\/span>\n                                                    <\/span>\n                                    <\/div>\n                            <\/div>\n\n    \n            <div class=\"qodef-testimonial-content\" id=\"qodef-testimonials-1308\">\n                <div class=\"qodef-testimonial-text-holder\">\n                                            <h2 itemprop=\"name\" class=\"qodef-testimonial-title entry-title\">About Design Studio<\/h2>\n                                                                                    <p class=\"qodef-testimonial-text\">Plipuam lureni unte, dodi bas, vivenia riuis, feupiat o, tallas. Phasellus viverra nulla ut metus varius laoreet. Uenean imperdiet. Stiam ultricies nisi. Eenean commodo ligula eget dolor. Supabitar allam corper.<\/p>\n                                                                <span class=\"qodef-testimonial-author\">\n                            <span class=\"qodef-testimonials-author-name\">Walter Wood<\/span>\n                                                            <span class=\"qodef-testimonials-author-job\">Project Manager<\/span>\n                                                    <\/span>\n                                    <\/div>\n                            <\/div>\n\n    \n    <\/div>\n<\/div>[\/vc_column_inner][\/vc_row_inner][\/vc_column][\/vc_row]<\/p>\n<\/div>","protected":false},"excerpt":{"rendered":"<p>[vc_row content_placement=&#8221;middle&#8221; content_text_aligment=&#8221;center&#8221; css=&#8221;.vc_custom_1527586378002{border-bottom-width: 1px !important;padding-top: 45px !important;padding-bottom: 127px !important;border-bottom-color: #e5e5e5 !important;border-bottom-style: solid !important;}&#8221;][vc_column][vc_row_inner content_placement=&#8221;middle&#8221; row_content_width=&#8221;grid&#8221; content_text_aligment=&#8221;center&#8221;][vc_column_inner][\/vc_column_inner][\/vc_row_inner][\/vc_column][\/vc_row][vc_row content_placement=&#8221;middle&#8221; content_text_aligment=&#8221;center&#8221; css=&#8221;.vc_custom_1527580929664{padding-top: 93px !important;padding-bottom: 91px !important;}&#8221;][vc_column][vc_row_inner content_placement=&#8221;middle&#8221; row_content_width=&#8221;grid&#8221; content_text_aligment=&#8221;center&#8221;][vc_column_inner][\/vc_column_inner][\/vc_row_inner][\/vc_column][\/vc_row]<\/p>\n","protected":false},"author":1,"featured_media":0,"parent":18,"menu_order":0,"comment_status":"closed","ping_status":"closed","template":"full-width.php","meta":{"footnotes":""},"_links":{"self":[{"href":"https:\/\/h-ev.net\/index.php\/wp-json\/wp\/v2\/pages\/2282"}],"collection":[{"href":"https:\/\/h-ev.net\/index.php\/wp-json\/wp\/v2\/pages"}],"about":[{"href":"https:\/\/h-ev.net\/index.php\/wp-json\/wp\/v2\/types\/page"}],"author":[{"embeddable":true,"href":"https:\/\/h-ev.net\/index.php\/wp-json\/wp\/v2\/users\/1"}],"replies":[{"embeddable":true,"href":"https:\/\/h-ev.net\/index.php\/wp-json\/wp\/v2\/comments?post=2282"}],"version-history":[{"count":0,"href":"https:\/\/h-ev.net\/index.php\/wp-json\/wp\/v2\/pages\/2282\/revisions"}],"up":[{"embeddable":true,"href":"https:\/\/h-ev.net\/index.php\/wp-json\/wp\/v2\/pages\/18"}],"wp:attachment":[{"href":"https:\/\/h-ev.net\/index.php\/wp-json\/wp\/v2\/media?parent=2282"}],"curies":[{"name":"wp","href":"https:\/\/api.w.org\/{rel}","templated":true}]}}