{"id":1484,"date":"2018-05-17T13:58:15","date_gmt":"2018-05-17T13:58:15","guid":{"rendered":"http:\/\/dessau.select-themes.com\/?page_id=1484"},"modified":"2024-02-05T09:54:59","modified_gmt":"2024-02-05T09:54:59","slug":"uncovering-projects","status":"publish","type":"page","link":"https:\/\/h-ev.net\/index.php\/uncovering-projects\/","title":{"rendered":"Uncovering Projects"},"content":{"rendered":"<div class=\"wpb-content-wrapper\"><p>[vc_row equal_height=&#8221;yes&#8221; content_placement=&#8221;middle&#8221; simple_background_color=&#8221;#151515&#8243;][vc_column offset=&#8221;vc_col-lg-8 vc_col-md-offset-0 vc_col-md-7&#8243;]<div class=\"qodef-elements-holder   qodef-one-column  qodef-responsive-mode-768   qodef-eh-uncover qodef-eh-uncover-right\" ><div class=\"qodef-eh-item     \" style=\"background-color: #161616;background-image: url(https:\/\/h-ev.net\/wp-content\/uploads\/2024\/01\/work1.jpg)\" data-item-class=\"qodef-eh-custom-4429\" data-1366-1600=\"300px 0px\" data-1024-1366=\"300px 0px\" data-768-1024=\"349px 0px\" data-680-768=\"335px 0px\" data-680=\"235px 0px\">\n\t<div class=\"qodef-eh-item-inner\">\n\t\t<div class=\"qodef-eh-item-content qodef-eh-custom-4429\" style=\"padding: 410px 0px\">\n\t\t\t\t\t<\/div>\n\t<\/div>\n<\/div><\/div>[\/vc_column][vc_column offset=&#8221;vc_col-lg-4 vc_col-md-offset-0 vc_col-md-5&#8243; el_class=&#8221;qodef-elements-appear-column&#8221;]<div class=\"qodef-elements-holder   qodef-one-column  qodef-responsive-mode-768   \" ><div class=\"qodef-eh-item     \"  data-item-class=\"qodef-eh-custom-8018\" data-1366-1600=\"114px 110px 114px 70px\" data-1024-1366=\"114px 78px 114px 50px\" data-768-1024=\"124px 83px 55px 18px\" data-680-768=\"144px 229px 144px 120px\" data-680=\"97px 17px\">\n\t<div class=\"qodef-eh-item-inner\">\n\t\t<div class=\"qodef-eh-item-content qodef-eh-custom-8018\" style=\"padding: 115px 262px 115px 70px\">\n\t\t\t<div class=\"qodef-single-image-holder   \">\n    <div class=\"qodef-si-inner\" >\n                                    <img loading=\"lazy\" decoding=\"async\" width=\"74\" height=\"74\" src=\"https:\/\/h-ev.net\/wp-content\/uploads\/2018\/05\/footer-img-1.png\" class=\"attachment-full size-full\" alt=\"\" \/>                        <\/div>\n<\/div>[vc_empty_space height=&#8221;14px&#8221;][vc_column_text css_animation=&#8221;slideInRight&#8221;]<\/p>\n<h1><span style=\"color: #ffffff;\">Advanced Clay Render<\/span><\/h1>\n<p>[\/vc_column_text][vc_empty_space height=&#8221;10px&#8221;][vc_column_text css_animation=&#8221;fadeIn&#8221;]<span style=\"color: #ffffff;\">Nach Projektbesprechung, Aufgabenstellung, Analysematerial, Briefing und dem voraussichtlichen Zeitplan wird unsere erste Ausgabe meistens innerhalb zwei Wochen in Form eines Clayrenders geliefert. F\u00fcr weitere Informationen fordern Sie jetzt unser Katalog.<\/span>[\/vc_column_text][vc_empty_space height=&#8221;38px&#8221;]\t\t<\/div>\n\t<\/div>\n<\/div><\/div>[\/vc_column][\/vc_row][vc_row equal_height=&#8221;yes&#8221; content_placement=&#8221;middle&#8221;][vc_column offset=&#8221;vc_col-lg-4 vc_col-md-offset-0 vc_col-md-5&#8243; el_class=&#8221;qodef-elements-appear-column&#8221;]<div class=\"qodef-elements-holder   qodef-one-column  qodef-responsive-mode-768   \" ><div class=\"qodef-eh-item     \"  data-item-class=\"qodef-eh-custom-9384\" data-1366-1600=\"0px 48px 29px 50px\" data-1024-1366=\"0px 0px 29px 41px\" data-768-1024=\"0px 19px 30px 45px\" data-680-768=\"177px 75px 206px 118px\" data-680=\"67px 0px 98px 28px\">\n\t<div class=\"qodef-eh-item-inner\">\n\t\t<div class=\"qodef-eh-item-content qodef-eh-custom-9384\" style=\"padding: 0px 75px 0px 118px\">\n\t\t\t[vc_column_text css_animation=&#8221;fadeInDownBig&#8221;]<\/p>\n<h3>PERSPEKTIVE<\/h3>\n<p>[\/vc_column_text][vc_empty_space height=&#8221;5px&#8221;][vc_column_text css_animation=&#8221;fadeInDown&#8221;]Zus\u00e4tzlich senden wir Ihnen mehrere Perspektiven zur Auswahl. Sie selektieren die gew\u00fcnschten Standpunkte. Um Sie optimal in den weiteren Prozess einzubeziehen, k\u00f6nnen Sie an dieser Stelle bereits Korrekturen, W\u00fcnsche und Anregungen zum Hauptmodell, Blickwinkel und Bildausschnitt \u00e4u\u00dfern.<\/p>\n<p>\u2022\u00a0 Festlegung der Drohnen-\/Fotografen-Aufgabe.<\/p>\n<p>\u2022\u00a0 Nach Wunsch; Auswahl aus fertig vorbereiteten Katalogen seitens H-EV, z.b. M\u00f6belvarianten, Armaturen, usw.[\/vc_column_text][vc_empty_space height=&#8221;27px&#8221;]\t\t<\/div>\n\t<\/div>\n<\/div><\/div>[\/vc_column][vc_column offset=&#8221;vc_col-lg-8 vc_col-md-offset-0 vc_col-md-7&#8243;]<div class=\"qodef-elements-holder   qodef-one-column  qodef-responsive-mode-768   qodef-eh-uncover qodef-eh-uncover-left\" ><div class=\"qodef-eh-item     \" style=\"background-color: #ffffff;background-image: url(https:\/\/h-ev.net\/wp-content\/uploads\/2024\/01\/work2.jpg)\" data-item-class=\"qodef-eh-custom-3488\" data-1366-1600=\"300px 0px\" data-1024-1366=\"300px 0px\" data-768-1024=\"315px 0px\" data-680-768=\"300px 0px\" data-680=\"235px 0px\">\n\t<div class=\"qodef-eh-item-inner\">\n\t\t<div class=\"qodef-eh-item-content qodef-eh-custom-3488\" style=\"padding: 410px 0px\">\n\t\t\t\t\t<\/div>\n\t<\/div>\n<\/div><\/div>[\/vc_column][\/vc_row][vc_row equal_height=&#8221;yes&#8221; content_placement=&#8221;middle&#8221; simple_background_color=&#8221;#151515&#8243;][vc_column offset=&#8221;vc_col-lg-8 vc_col-md-offset-0 vc_col-md-7&#8243;]<div class=\"qodef-elements-holder   qodef-one-column  qodef-responsive-mode-768   qodef-eh-uncover qodef-eh-uncover-right\" ><div class=\"qodef-eh-item     \" style=\"background-color: #161616;background-image: url(https:\/\/h-ev.net\/wp-content\/uploads\/2024\/01\/work3.jpg)\" data-item-class=\"qodef-eh-custom-1722\" data-1366-1600=\"300px 0px\" data-1024-1366=\"300px 0px\" data-768-1024=\"315px 0px\" data-680-768=\"300px 0px\" data-680=\"235px 0px\">\n\t<div class=\"qodef-eh-item-inner\">\n\t\t<div class=\"qodef-eh-item-content qodef-eh-custom-1722\" style=\"padding: 410px 0px\">\n\t\t\t\t\t<\/div>\n\t<\/div>\n<\/div><\/div>[\/vc_column][vc_column offset=&#8221;vc_col-lg-4 vc_col-md-offset-0 vc_col-md-5&#8243; el_class=&#8221;qodef-elements-appear-column&#8221; css=&#8221;.vc_custom_1528984930317{padding-right: 6% !important;}&#8221;]<div class=\"qodef-elements-holder   qodef-one-column  qodef-responsive-mode-768   \" ><div class=\"qodef-eh-item     \"  data-item-class=\"qodef-eh-custom-4435\" data-1366-1600=\"114px 110px 114px 70px\" data-1024-1366=\"114px 78px 114px 50px\" data-768-1024=\"124px 83px 55px 18px\" data-680-768=\"144px 229px 144px 120px\" data-680=\"97px 17px\">\n\t<div class=\"qodef-eh-item-inner\">\n\t\t<div class=\"qodef-eh-item-content qodef-eh-custom-4435\" style=\"padding: 115px 262px 115px 70px\">\n\t\t\t[vc_empty_space height=&#8221;14px&#8221;][vc_column_text css_animation=&#8221;slideInRight&#8221;]<\/p>\n<h1><span style=\"color: #ffffff;\">Was ist Clay Render?<\/span><\/h1>\n<p>[\/vc_column_text][vc_empty_space height=&#8221;10px&#8221;][vc_column_text css_animation=&#8221;fadeIn&#8221;]<span style=\"color: #ffffff;\">Es ist eine Vorschau der 3D-Visualisierung, so etwas wie ein Entwurf bzw. eine Szene wo alle darin enthaltenen Elemente nur mit einem schlichten wei\u00dfen oder grauen Materialauftrag sind. Der erste Durchgang mit einem verst\u00e4ndlichen \u00dcberblick ohne Texturen. Eine Diskussionsgrundlage f\u00fcr die n\u00e4chste Ausgabe.<\/span>[\/vc_column_text][vc_empty_space height=&#8221;38px&#8221;]\t\t<\/div>\n\t<\/div>\n<\/div><\/div>[\/vc_column][\/vc_row][vc_row equal_height=&#8221;yes&#8221; content_placement=&#8221;middle&#8221;][vc_column offset=&#8221;vc_col-lg-4 vc_col-md-offset-0 vc_col-md-5&#8243; el_class=&#8221;qodef-elements-appear-column&#8221;]<div class=\"qodef-elements-holder   qodef-one-column  qodef-responsive-mode-768   \" ><div class=\"qodef-eh-item     \"  data-item-class=\"qodef-eh-custom-2732\" data-1366-1600=\"0px 25px 25px 47px\" data-1024-1366=\"0px 25px 25px 47px\" data-768-1024=\"0px 24px 24px 47px\" data-680-768=\"120px 119px 0px\" data-680=\"68px 27px 30px\">\n\t<div class=\"qodef-eh-item-inner\">\n\t\t<div class=\"qodef-eh-item-content qodef-eh-custom-2732\" style=\"padding: 0px 149px 45px 174px\">\n\t\t\t[vc_column_text css_animation=&#8221;fadeInLeft&#8221;]<\/p>\n<h6>Vorabz\u00fcge<\/h6>\n<p>[\/vc_column_text][vc_column_text css_animation=&#8221;fadeInRight&#8221;]Das ganze Modell + Texturen + Lichtquellen + Materialien + Kameraperspektive werden finalisiert.[\/vc_column_text]\t\t<\/div>\n\t<\/div>\n<\/div><\/div><div class=\"qodef-elements-holder   qodef-one-column  qodef-responsive-mode-768   \" ><div class=\"qodef-eh-item     \"  data-item-class=\"qodef-eh-custom-4996\" data-1366-1600=\"0px 25px 25px 47px\" data-1024-1366=\"0px 25px 25px 47px\" data-768-1024=\"0px 24px 24px 47px\" data-680-768=\"0px 119px 0px\" data-680=\"0px 27px 30px\">\n\t<div class=\"qodef-eh-item-inner\">\n\t\t<div class=\"qodef-eh-item-content qodef-eh-custom-4996\" style=\"padding: 0px 149px 0px 174px\">\n\t\t\t[vc_column_text css_animation=&#8221;fadeInLeft&#8221;]<\/p>\n<h6>Endg\u00fcltige Ausgabe<\/h6>\n<p>[\/vc_column_text][vc_column_text css_animation=&#8221;fadeInRight&#8221;]Der letzte Photoshop-Prozess. Er definiert den Gesamteindruck, die Atmosph\u00e4re und damit die Wirkung und Marketingwirksamkeit eines Bildes, um die Rendering-Ausgabe zu verbessern und die aktuelle \u00c4sthetik der Architekturbranche zu \u00fcbertreffen. Hier wird die Integration von echter Umgebung (Footage), Menschen, Tiere, usw. durchgef\u00fchrt.[\/vc_column_text]\t\t<\/div>\n\t<\/div>\n<\/div><\/div><div class=\"qodef-elements-holder   qodef-one-column  qodef-responsive-mode-768   \" ><div class=\"qodef-eh-item     \"  data-item-class=\"qodef-eh-custom-6720\" data-1366-1600=\"2px 25px 25px 47px\" data-1024-1366=\"0px 25px 25px 47px\" data-768-1024=\"3px 24px 24px 47px\" data-680-768=\"0px 118px 143px\" data-680=\"0px 27px 89px\">\n\t<div class=\"qodef-eh-item-inner\">\n\t\t<div class=\"qodef-eh-item-content qodef-eh-custom-6720\" style=\"padding: 41px 149px 41px 174px\">\n\t\t\t[vc_column_text css_animation=&#8221;fadeInLeft&#8221;]<\/p>\n<h6>Aufl\u00f6sung<\/h6>\n<p>[\/vc_column_text][vc_column_text css_animation=&#8221;fadeInUp&#8221;]Wir liefern die finalisierten Renderings in 300 DPI bzw. 4K DIN A3 Aufl\u00f6sung (verwendbar f\u00fcr Website, Bauschild, Plakate) und im TIF Format. (nach ca. 2-3 Wochen von der Lieferung der CLAY RENDERUNGS)[\/vc_column_text]\t\t<\/div>\n\t<\/div>\n<\/div><\/div>[\/vc_column][vc_column offset=&#8221;vc_col-lg-8 vc_col-md-offset-0 vc_col-md-7&#8243;]<div class=\"qodef-elements-holder   qodef-one-column  qodef-responsive-mode-768   qodef-eh-uncover qodef-eh-uncover-left\" ><div class=\"qodef-eh-item     \" style=\"background-color: #ffffff;background-image: url(https:\/\/h-ev.net\/wp-content\/uploads\/2024\/01\/work4.jpg)\" data-item-class=\"qodef-eh-custom-5518\" data-1366-1600=\"300px 0px\" data-1024-1366=\"300px 0px\" data-768-1024=\"300px 0px\" data-680-768=\"300px 0px\" data-680=\"235px 0px\">\n\t<div class=\"qodef-eh-item-inner\">\n\t\t<div class=\"qodef-eh-item-content qodef-eh-custom-5518\" style=\"padding: 410px 0px\">\n\t\t\t\t\t<\/div>\n\t<\/div>\n<\/div><\/div>[\/vc_column][\/vc_row]<\/p>\n<\/div>","protected":false},"excerpt":{"rendered":"<p>[vc_row equal_height=&#8221;yes&#8221; content_placement=&#8221;middle&#8221; simple_background_color=&#8221;#151515&#8243;][vc_column offset=&#8221;vc_col-lg-8 vc_col-md-offset-0 vc_col-md-7&#8243;][\/vc_column][vc_column offset=&#8221;vc_col-lg-4 vc_col-md-offset-0 vc_col-md-5&#8243; el_class=&#8221;qodef-elements-appear-column&#8221;][\/vc_column][\/vc_row][vc_row equal_height=&#8221;yes&#8221; content_placement=&#8221;middle&#8221;][vc_column offset=&#8221;vc_col-lg-4 vc_col-md-offset-0 vc_col-md-5&#8243; el_class=&#8221;qodef-elements-appear-column&#8221;][\/vc_column][vc_column offset=&#8221;vc_col-lg-8 vc_col-md-offset-0 vc_col-md-7&#8243;][\/vc_column][\/vc_row][vc_row equal_height=&#8221;yes&#8221; content_placement=&#8221;middle&#8221; simple_background_color=&#8221;#151515&#8243;][vc_column offset=&#8221;vc_col-lg-8 vc_col-md-offset-0 vc_col-md-7&#8243;][\/vc_column][vc_column offset=&#8221;vc_col-lg-4 vc_col-md-offset-0 vc_col-md-5&#8243; el_class=&#8221;qodef-elements-appear-column&#8221; css=&#8221;.vc_custom_1528984930317{padding-right: 6% !important;}&#8221;][\/vc_column][\/vc_row][vc_row equal_height=&#8221;yes&#8221; content_placement=&#8221;middle&#8221;][vc_column offset=&#8221;vc_col-lg-4 vc_col-md-offset-0 vc_col-md-5&#8243; el_class=&#8221;qodef-elements-appear-column&#8221;][\/vc_column][vc_column offset=&#8221;vc_col-lg-8 vc_col-md-offset-0 vc_col-md-7&#8243;][\/vc_column][\/vc_row]<\/p>\n","protected":false},"author":1,"featured_media":0,"parent":0,"menu_order":0,"comment_status":"closed","ping_status":"closed","template":"full-width.php","meta":{"footnotes":""},"_links":{"self":[{"href":"https:\/\/h-ev.net\/index.php\/wp-json\/wp\/v2\/pages\/1484"}],"collection":[{"href":"https:\/\/h-ev.net\/index.php\/wp-json\/wp\/v2\/pages"}],"about":[{"href":"https:\/\/h-ev.net\/index.php\/wp-json\/wp\/v2\/types\/page"}],"author":[{"embeddable":true,"href":"https:\/\/h-ev.net\/index.php\/wp-json\/wp\/v2\/users\/1"}],"replies":[{"embeddable":true,"href":"https:\/\/h-ev.net\/index.php\/wp-json\/wp\/v2\/comments?post=1484"}],"version-history":[{"count":21,"href":"https:\/\/h-ev.net\/index.php\/wp-json\/wp\/v2\/pages\/1484\/revisions"}],"predecessor-version":[{"id":5726,"href":"https:\/\/h-ev.net\/index.php\/wp-json\/wp\/v2\/pages\/1484\/revisions\/5726"}],"wp:attachment":[{"href":"https:\/\/h-ev.net\/index.php\/wp-json\/wp\/v2\/media?parent=1484"}],"curies":[{"name":"wp","href":"https:\/\/api.w.org\/{rel}","templated":true}]}}